{"id":147,"date":"2020-05-07T12:01:12","date_gmt":"2020-05-07T14:01:12","guid":{"rendered":"http:\/\/pressreleases.scielo.org\/es\/?page_id=147"},"modified":"2024-08-30T16:03:41","modified_gmt":"2024-08-30T19:03:41","slug":"reglas-para-la-publicacion","status":"publish","type":"page","link":"https:\/\/pressreleases.scielo.org\/es\/sobre\/reglas-para-la-publicacion\/","title":{"rendered":"Reglas para la publicaci\u00f3n"},"content":{"rendered":"<p><strong>Versi\u00f3n agosto 2024<\/strong><\/p>\n<p><a href=\"http:\/\/pressreleases.scielo.org\/es\/wp-content\/uploads\/sites\/3\/2020\/05\/infografico-es.png\" target=\"_blank\" rel=\"noopener noreferrer\"><img loading=\"lazy\" decoding=\"async\" class=\"aligncenter wp-image-153 size-full\" src=\"http:\/\/pressreleases.scielo.org\/es\/wp-content\/uploads\/sites\/3\/2020\/05\/infografico-es.png\" alt=\"\" width=\"2480\" height=\"3508\" srcset=\"https:\/\/pressreleases.scielo.org\/es\/wp-content\/uploads\/sites\/3\/2020\/05\/infografico-es.png 2480w, https:\/\/pressreleases.scielo.org\/es\/wp-content\/uploads\/sites\/3\/2020\/05\/infografico-es-212x300.png 212w, https:\/\/pressreleases.scielo.org\/es\/wp-content\/uploads\/sites\/3\/2020\/05\/infografico-es-768x1086.png 768w, https:\/\/pressreleases.scielo.org\/es\/wp-content\/uploads\/sites\/3\/2020\/05\/infografico-es-724x1024.png 724w, https:\/\/pressreleases.scielo.org\/es\/wp-content\/uploads\/sites\/3\/2020\/05\/infografico-es-150x212.png 150w\" sizes=\"auto, (max-width: 2480px) 100vw, 2480px\" \/><\/a><\/p>\n<p><strong>Se aceptar\u00e1n las siguientes contribuciones:<\/strong><\/p>\n<ul>\n<li>Comunicado de prensa de un art\u00edculo con alta relevancia del \u00faltimo n\u00famero publicado;<\/li>\n<li>Entrevista escrita, entrevista en video y\/o podcast con autores de art\u00edculos publicados en el \u00faltimo n\u00famero de la revista;<\/li>\n<\/ul>\n<p><em>Para las revistas que mantienen el volumen y el n\u00famero, la sugerencia es un art\u00edculo destacado de ese n\u00famero, mientras que para las revistas que publican en flujo continuo, ser\u00e1 una publicaci\u00f3n por mes.<\/em><\/p>\n<ol>\n<li><strong>Selecci\u00f3n de art\u00edculos o temas para el comunicado de prensa y\/o entrevista.<\/strong><\/li>\n<\/ol>\n<p>Algunas preguntas pueden guiar el proceso de selecci\u00f3n de art\u00edculos que justifiquen la redacci\u00f3n de un <em>post<\/em>: \u00bfla investigaci\u00f3n representa un avance en el conocimiento que merece ser difundido a la sociedad? \u00bfContribuye a la popularizaci\u00f3n del conocimiento cient\u00edfico? \u00bfHay innovaciones significativas? \u00bfPuede tener un impacto en la sociedad o en la definici\u00f3n de pol\u00edticas p\u00fablicas? Adem\u00e1s del p\u00fablico objetivo (periodistas, investigadores y otros), \u00bfpueden las personas que toman decisiones, los investigadores, los estudiantes y el p\u00fablico en general utilizar la publicaci\u00f3n?<\/p>\n<ol start=\"2\">\n<li><strong>Formato de presentaci\u00f3n del comunicado de prensa y\/o entrevista<\/strong><\/li>\n<\/ol>\n<p><span style=\"font-weight: 400;\">El contenido del comunicado de prensa debe ser breve y estimulante. Se recomienda que los textos sean redactados en un lenguaje claro, para facilitar su comprensi\u00f3n por el mayor n\u00famero posible de personas, en consonancia con el compromiso del Programa SciELO con la accesibilidad.<\/span><\/p>\n<p>Para la presentaci\u00f3n de comunicados de prensa y entrevistas a los blogs de SciELO en Perspectiva | Humanidades y SciELO en perspectiva | Press Releases, lo <em>posts<\/em> deben seguir el modelo para descargar en el archivo a continuaci\u00f3n:<\/p>\n<ul>\n<li><a href=\"https:\/\/drive.google.com\/file\/d\/1ndc9Qa-WRegzsqKPdB3E-2OCFgardkds\/view?usp=sharing\" target=\"_blank\" rel=\"noopener noreferrer\">Modelo para la publicaci\u00f3n de comunicados de prensa<\/a> (Todas las publicaciones deben enviarse siguiendo este modelo)<\/li>\n<\/ul>\n<ol start=\"3\">\n<li><strong>Consideraciones sobre la autor\u00eda<\/strong><\/li>\n<\/ol>\n<p>En caso de que el <em>post<\/em> se publique en los blogs de SciELO en Perspectiva | Humanidades o SciELO en perspectiva | Press Releases, el mismo se publicar\u00e1 bajo la licencia <a href=\"https:\/\/creativecommons.org\/licenses\/by\/4.0\/deed.es\" target=\"_blank\" rel=\"noopener noreferrer\">Creative Commons CC-BY<\/a>.<\/p>\n<p>Los contenidos publicados en los Blogs SciELO en Perspectiva | Humanidades y SciELO en Perspectiva | Press Releases son responsabilidad exclusiva de sus autores, y no reflejan necesariamente la opini\u00f3n de los Consejos Editoriales de ambos blogs o del Programa SciELO.<\/p>\n<ol start=\"4\">\n<li><strong>\u00c9tica de investigaci\u00f3n y divulgaci\u00f3n<\/strong><\/li>\n<\/ol>\n<p>El <em>post<\/em> no puede sonar como publicidad de un producto, de la revista o del art\u00edculo en s\u00ed. Debe describir los resultados objetivamente y transmitir datos cient\u00edficos, sin tratar de magnificar los posibles descubrimientos con elogios para el investigador, su instituci\u00f3n y las agencias de financiaci\u00f3n. Si hay posibles conflictos de intereses o patrocinadores involucrados, deben hacerse expl\u00edcitos.<\/p>\n<p>El texto debe guiarse por la \u00e9tica generalmente aceptada para la investigaci\u00f3n cient\u00edfica. Debe tener cuidado al informar sobre el uso de humanos y animales en los experimentos cuando ocurra para no inducir a la adopci\u00f3n de los resultados obtenidos originalmente en los modelos, as\u00ed como los datos que a\u00fan est\u00e1n en la fase de investigaci\u00f3n.<\/p>\n<p>Antes de enviar el <em>post<\/em>, revise la ortograf\u00eda y la gram\u00e1tica cuidadosamente.<\/p>\n<ol start=\"5\">\n<li><strong>Env\u00edo y an\u00e1lisis de las contribuciones<\/strong><\/li>\n<\/ol>\n<p>Para enviar <em>posts<\/em> a los Blogs SciELO en Perspectiva | Press Releases y SciELO en Perspectiva | Humanidades, los correos electr\u00f3nicos deben enviarse a:<\/p>\n<ul>\n<li><a href=\"mailto:blog.scielo@scielo.org\">blog.scielo@scielo.org<\/a><\/li>\n<\/ul>\n<p>Las contribuciones enviadas para publicaci\u00f3n ser\u00e1n analizadas por los respectivos Equipos Editoriales y, si es necesario, por los miembros del Comit\u00e9 Editorial. En caso de alteraci\u00f3n del texto original, la versi\u00f3n revisada se someter\u00e1 a la aprobaci\u00f3n final del autor.<\/p>\n<p>Los siguientes aspectos ser\u00e1n considerados en el an\u00e1lisis de los comunicados de prensa y\/o entrevistas enviados:<\/p>\n<ul>\n<li><strong><em>Formato de presentaci\u00f3n<\/em><\/strong>: la presentaci\u00f3n del comunicado de prensa y\/o entrevistas debe cumplir con los est\u00e1ndares definidos en el \u00edtem 2 de este documento. Las contribuciones fuera de los est\u00e1ndares definidos ser\u00e1n devueltas a los respectivos autores;<\/li>\n<li><strong><em>Simultaneidad<\/em><\/strong>: la publicaci\u00f3n de un comunicado de prensa y\/o entrevistas debe realizarse simult\u00e1neamente con la publicaci\u00f3n del art\u00edculo en la Colecci\u00f3n SciELO Brasil. Sin embargo, se admite que un posible retraso en el calendario de edici\u00f3n del lanzamiento puede retrasar la publicaci\u00f3n por un m\u00e1ximo de un mes despu\u00e9s de la publicaci\u00f3n del art\u00edculo. Es a criterio de los Consejos Editoriales de los Blogs de SciELO en Perspectiva | Humanidades y SciELO en Perspectiva | Press Releases la aceptaci\u00f3n, o no, de comunicaciones que excedan este intervalo de tiempo.<\/li>\n<\/ul>\n<ol start=\"6\">\n<li><strong> Ejemplo de Posts<\/strong><\/li>\n<\/ol>\n<ul>\n<li>Comunicado de prensa del art\u00edculo:\u00a0<a href=\"https:\/\/humanas.blog.scielo.org\/blog\/2020\/05\/13\/a-epidemia-de-gripe-espanhola-em-botucatu-sao-paulo-1918-bons-ares-para-quem\/\" target=\"_blank\" rel=\"noopener noreferrer\">A epidemia de Gripe Espanhola em Botucatu, S\u00e3o Paulo, 1918. \u201cBons Ares\u201d para quem?<\/a><\/li>\n<li>Entrevista: <a href=\"https:\/\/humanas.blog.scielo.org\/blog\/2019\/12\/06\/os-riscos-e-desafios-para-a-ciencia-aberta-e-as-metricas-alternativas-na-america-latina\/\" target=\"_blank\" rel=\"noopener noreferrer\">Os riscos e desafios para a Ci\u00eancia Aberta e as m\u00e9tricas alternativas na Am\u00e9rica Latina<\/a><\/li>\n<\/ul>\n","protected":false},"excerpt":{"rendered":"<p>Versi\u00f3n agosto 2024 Se aceptar\u00e1n las siguientes contribuciones: Comunicado de prensa de un art\u00edculo con alta relevancia del \u00faltimo n\u00famero <span class=\"ellipsis\">&hellip;<\/span> <span class=\"more-link-wrap\"><a href=\"https:\/\/pressreleases.scielo.org\/es\/sobre\/reglas-para-la-publicacion\/\" class=\"more-link\"><span>Read More &rarr;<\/span><\/a><\/span><\/p>\n","protected":false},"author":2,"featured_media":0,"parent":10,"menu_order":0,"comment_status":"closed","ping_status":"closed","template":"","meta":{"_monsterinsights_skip_tracking":false,"_monsterinsights_sitenote_active":false,"_monsterinsights_sitenote_note":"","_monsterinsights_sitenote_category":0,"footnotes":"","_links_to":"","_links_to_target":""},"class_list":["post-147","page","type-page","status-publish","hentry"],"aioseo_notices":[],"_links":{"self":[{"href":"https:\/\/pressreleases.scielo.org\/es\/wp-json\/wp\/v2\/pages\/147","targetHints":{"allow":["GET"]}}],"collection":[{"href":"https:\/\/pressreleases.scielo.org\/es\/wp-json\/wp\/v2\/pages"}],"about":[{"href":"https:\/\/pressreleases.scielo.org\/es\/wp-json\/wp\/v2\/types\/page"}],"author":[{"embeddable":true,"href":"https:\/\/pressreleases.scielo.org\/es\/wp-json\/wp\/v2\/users\/2"}],"replies":[{"embeddable":true,"href":"https:\/\/pressreleases.scielo.org\/es\/wp-json\/wp\/v2\/comments?post=147"}],"version-history":[{"count":12,"href":"https:\/\/pressreleases.scielo.org\/es\/wp-json\/wp\/v2\/pages\/147\/revisions"}],"predecessor-version":[{"id":356,"href":"https:\/\/pressreleases.scielo.org\/es\/wp-json\/wp\/v2\/pages\/147\/revisions\/356"}],"up":[{"embeddable":true,"href":"https:\/\/pressreleases.scielo.org\/es\/wp-json\/wp\/v2\/pages\/10"}],"wp:attachment":[{"href":"https:\/\/pressreleases.scielo.org\/es\/wp-json\/wp\/v2\/media?parent=147"}],"curies":[{"name":"wp","href":"https:\/\/api.w.org\/{rel}","templated":true}]}}